{"id":456,"date":"2024-05-03T15:27:29","date_gmt":"2024-05-03T15:27:29","guid":{"rendered":"https:\/\/cerealis.dev.mamute.pt\/index.php\/cookie-policy\/"},"modified":"2024-05-06T13:51:45","modified_gmt":"2024-05-06T13:51:45","slug":"cookie-policy","status":"publish","type":"page","link":"https:\/\/www.cerealis.pt\/index.php\/cookie-policy\/?lang=en","title":{"rendered":"Cookie Policy"},"content":{"rendered":"[vc_row type=&#8221;full_width_background&#8221; full_screen_row_position=&#8221;middle&#8221; column_margin=&#8221;default&#8221; column_direction=&#8221;default&#8221; column_direction_tablet=&#8221;default&#8221; column_direction_phone=&#8221;default&#8221; bg_color=&#8221;#fdb704&#8243; scene_position=&#8221;center&#8221; top_padding=&#8221;2%&#8221; text_color=&#8221;dark&#8221; text_align=&#8221;left&#8221; row_border_radius=&#8221;none&#8221; row_border_radius_applies=&#8221;bg&#8221; overflow=&#8221;visible&#8221; overlay_strength=&#8221;0.3&#8243; gradient_direction=&#8221;left_to_right&#8221; shape_divider_position=&#8221;bottom&#8221; bg_image_animation=&#8221;none&#8221; gradient_type=&#8221;default&#8221; shape_type=&#8221;&#8221;][vc_column column_padding=&#8221;no-extra-padding&#8221; column_padding_tablet=&#8221;inherit&#8221; column_padding_phone=&#8221;inherit&#8221; column_padding_position=&#8221;all&#8221; column_element_direction_desktop=&#8221;default&#8221; column_element_spacing=&#8221;default&#8221; desktop_text_alignment=&#8221;default&#8221; tablet_text_alignment=&#8221;default&#8221; phone_text_alignment=&#8221;default&#8221; background_color_opacity=&#8221;1&#8243; background_hover_color_opacity=&#8221;1&#8243; column_backdrop_filter=&#8221;none&#8221; column_shadow=&#8221;none&#8221; column_border_radius=&#8221;none&#8221; column_link_target=&#8221;_self&#8221; column_position=&#8221;default&#8221; gradient_direction=&#8221;left_to_right&#8221; overlay_strength=&#8221;0.3&#8243; width=&#8221;1\/1&#8243; tablet_width_inherit=&#8221;default&#8221; animation_type=&#8221;default&#8221; bg_image_animation=&#8221;none&#8221; border_type=&#8221;simple&#8221; column_border_width=&#8221;none&#8221; column_border_style=&#8221;solid&#8221;][vc_row_inner column_margin=&#8221;default&#8221; column_direction=&#8221;default&#8221; column_direction_tablet=&#8221;default&#8221; column_direction_phone=&#8221;default&#8221; text_align=&#8221;left&#8221; row_position=&#8221;default&#8221; row_position_tablet=&#8221;inherit&#8221; row_position_phone=&#8221;inherit&#8221; overflow=&#8221;visible&#8221; pointer_events=&#8221;all&#8221;][vc_column_inner column_padding=&#8221;no-extra-padding&#8221; column_padding_tablet=&#8221;inherit&#8221; column_padding_phone=&#8221;inherit&#8221; column_padding_position=&#8221;all&#8221; column_element_direction_desktop=&#8221;default&#8221; column_element_spacing=&#8221;default&#8221; desktop_text_alignment=&#8221;default&#8221; tablet_text_alignment=&#8221;default&#8221; phone_text_alignment=&#8221;default&#8221; background_color_opacity=&#8221;1&#8243; background_hover_color_opacity=&#8221;1&#8243; column_backdrop_filter=&#8221;none&#8221; column_shadow=&#8221;none&#8221; column_border_radius=&#8221;none&#8221; column_link_target=&#8221;_self&#8221; overflow=&#8221;visible&#8221; gradient_direction=&#8221;left_to_right&#8221; overlay_strength=&#8221;0.3&#8243; width=&#8221;1\/1&#8243; tablet_width_inherit=&#8221;default&#8221; animation_type=&#8221;default&#8221; enable_animation=&#8221;true&#8221; animation=&#8221;fade-in-from-bottom&#8221; animation_easing=&#8221;default&#8221; bg_image_animation=&#8221;none&#8221; border_type=&#8221;simple&#8221; column_border_width=&#8221;none&#8221; column_border_style=&#8221;solid&#8221; column_padding_type=&#8221;default&#8221; gradient_type=&#8221;default&#8221; delay=&#8221;350&#8243;][vc_column_text css=&#8221;&#8221; text_direction=&#8221;default&#8221;]\n<h2>Cookies<br \/>\nPolicy<\/h2>\n[\/vc_column_text][divider line_type=&#8221;Full Width Line&#8221; line_thickness=&#8221;1&#8243; divider_color=&#8221;black&#8221;][\/vc_column_inner][\/vc_row_inner][vc_row_inner column_margin=&#8221;default&#8221; column_direction=&#8221;default&#8221; column_direction_tablet=&#8221;default&#8221; column_direction_phone=&#8221;default&#8221; bottom_padding=&#8221;5%&#8221; text_align=&#8221;left&#8221; row_position=&#8221;default&#8221; row_position_tablet=&#8221;inherit&#8221; row_position_phone=&#8221;inherit&#8221; overflow=&#8221;visible&#8221; pointer_events=&#8221;all&#8221;][vc_column_inner column_padding=&#8221;no-extra-padding&#8221; column_padding_tablet=&#8221;inherit&#8221; column_padding_phone=&#8221;inherit&#8221; column_padding_position=&#8221;all&#8221; column_element_direction_desktop=&#8221;default&#8221; column_element_spacing=&#8221;default&#8221; desktop_text_alignment=&#8221;default&#8221; tablet_text_alignment=&#8221;default&#8221; phone_text_alignment=&#8221;default&#8221; background_color_opacity=&#8221;1&#8243; background_hover_color_opacity=&#8221;1&#8243; column_backdrop_filter=&#8221;none&#8221; column_shadow=&#8221;none&#8221; column_border_radius=&#8221;none&#8221; column_link_target=&#8221;_self&#8221; overflow=&#8221;visible&#8221; gradient_direction=&#8221;left_to_right&#8221; overlay_strength=&#8221;0.3&#8243; width=&#8221;2\/3&#8243; tablet_width_inherit=&#8221;default&#8221; animation_type=&#8221;default&#8221; enable_animation=&#8221;true&#8221; animation=&#8221;fade-in-from-bottom&#8221; animation_easing=&#8221;default&#8221; bg_image_animation=&#8221;none&#8221; border_type=&#8221;simple&#8221; column_border_width=&#8221;none&#8221; column_border_style=&#8221;solid&#8221; column_padding_type=&#8221;default&#8221; gradient_type=&#8221;default&#8221; delay=&#8221;550&#8243;][vc_column_text css=&#8221;&#8221; text_direction=&#8221;default&#8221;]This website uses cookies to improve your browsing experience.[\/vc_column_text][\/vc_column_inner][vc_column_inner column_padding=&#8221;no-extra-padding&#8221; column_padding_tablet=&#8221;inherit&#8221; column_padding_phone=&#8221;inherit&#8221; column_padding_position=&#8221;all&#8221; column_element_direction_desktop=&#8221;default&#8221; column_element_spacing=&#8221;default&#8221; desktop_text_alignment=&#8221;default&#8221; tablet_text_alignment=&#8221;default&#8221; phone_text_alignment=&#8221;default&#8221; background_color_opacity=&#8221;1&#8243; background_hover_color_opacity=&#8221;1&#8243; column_backdrop_filter=&#8221;none&#8221; column_shadow=&#8221;none&#8221; column_border_radius=&#8221;none&#8221; column_link_target=&#8221;_self&#8221; overflow=&#8221;visible&#8221; gradient_direction=&#8221;left_to_right&#8221; overlay_strength=&#8221;0.3&#8243; width=&#8221;1\/3&#8243; tablet_width_inherit=&#8221;default&#8221; animation_type=&#8221;default&#8221; bg_image_animation=&#8221;none&#8221; border_type=&#8221;simple&#8221; column_border_width=&#8221;none&#8221; column_border_style=&#8221;solid&#8221;][\/vc_column_inner][\/vc_row_inner][\/vc_column][\/vc_row][vc_row type=&#8221;full_width_background&#8221; full_screen_row_position=&#8221;middle&#8221; column_margin=&#8221;default&#8221; column_direction=&#8221;default&#8221; column_direction_tablet=&#8221;default&#8221; column_direction_phone=&#8221;default&#8221; bg_color=&#8221;#fdb704&#8243; scene_position=&#8221;center&#8221; bottom_padding=&#8221;10%&#8221; text_color=&#8221;dark&#8221; text_align=&#8221;left&#8221; row_border_radius=&#8221;none&#8221; row_border_radius_applies=&#8221;bg&#8221; overflow=&#8221;visible&#8221; overlay_strength=&#8221;0.3&#8243; gradient_direction=&#8221;left_to_right&#8221; shape_divider_position=&#8221;bottom&#8221; bg_image_animation=&#8221;none&#8221; gradient_type=&#8221;default&#8221; shape_type=&#8221;&#8221;][vc_column column_padding=&#8221;no-extra-padding&#8221; column_padding_tablet=&#8221;inherit&#8221; column_padding_phone=&#8221;inherit&#8221; column_padding_position=&#8221;all&#8221; column_element_direction_desktop=&#8221;default&#8221; column_element_spacing=&#8221;default&#8221; desktop_text_alignment=&#8221;default&#8221; tablet_text_alignment=&#8221;default&#8221; phone_text_alignment=&#8221;default&#8221; background_color_opacity=&#8221;1&#8243; background_hover_color_opacity=&#8221;1&#8243; column_backdrop_filter=&#8221;none&#8221; column_shadow=&#8221;none&#8221; column_border_radius=&#8221;none&#8221; column_link_target=&#8221;_self&#8221; column_position=&#8221;default&#8221; gradient_direction=&#8221;left_to_right&#8221; overlay_strength=&#8221;0.3&#8243; width=&#8221;2\/3&#8243; tablet_width_inherit=&#8221;default&#8221; animation_type=&#8221;default&#8221; enable_animation=&#8221;true&#8221; animation=&#8221;fade-in-from-bottom&#8221; animation_easing=&#8221;default&#8221; bg_image_animation=&#8221;none&#8221; border_type=&#8221;simple&#8221; column_border_width=&#8221;none&#8221; column_border_style=&#8221;solid&#8221; column_padding_type=&#8221;default&#8221; gradient_type=&#8221;default&#8221; delay=&#8221;750&#8243;][vc_column_text css=&#8221;&#8221; text_direction=&#8221;default&#8221;]\n<h4>What are cookies?<\/h4>\n<p>&#8220;Cookies&#8221; are packets of data that a website sends to your computer while you are visiting that website. These data files include information that allows you to store important data that will make your navigation more efficient and useful. This website uses cookies for various purposes, in particular to obtain non-personal data from online visitors.[\/vc_column_text][vc_column_text css=&#8221;.vc_custom_1714751086323{margin-top: 5% !important;}&#8221; text_direction=&#8221;default&#8221;]\n<h4>How are cookies used?<\/h4>\n<p>Os &#8220;cookies&#8221; s\u00e3o pacotes de dados que um s\u00edtio Web envia para o seu computador enquanto est\u00e1 a visitar esse s\u00edtio Web. Estes ficheiros de dados incluem informa\u00e7\u00f5es que lhe permitem armazenar dados importantes que tornar\u00e3o a sua navega\u00e7\u00e3o mais eficiente e \u00fatil. This website uses cookies for various purposes, namely to obtain non-personal data from online visitors. Visitors to this website use different computers and web browsers.<\/p>\n<p>To make your visits as simple as possible, a record is automatically kept of the type of browser (e.g. Internet Explorer, Google Chrome) and operating system (e.g. Windows, Macintosh) used and the domain name of your Internet service provider.[\/vc_column_text][vc_column_text css=&#8221;.vc_custom_1714751096023{margin-top: 5% !important;}&#8221; text_direction=&#8221;default&#8221;]\n<h4>What Cookies are for<\/h4>\n<p>Cookies are used to help determine the usefulness, interest and number of uses of its websites, allowing for faster and more efficient browsing, eliminating the need to repeatedly enter the same information.[\/vc_column_text][vc_column_text css=&#8221;.vc_custom_1714751107077{margin-top: 5% !important;}&#8221; text_direction=&#8221;default&#8221;]\n<h4>What kind of cookies do we use?<\/h4>\n<p>Permanent cookies: these are cookies that are stored at browser level on your access devices (PC, mobile and tablet) and are used whenever you visit one of our websites again. They are generally used to direct browsing to the user&#8217;s interests, allowing us to provide a more personalized service.<\/p>\n<p>Session cookies: these are temporary cookies that remain in your browser&#8217;s cookie file until you leave the website. The information obtained by these cookies is used to analyze web traffic patterns, allowing us to identify problems and provide a better browsing experience.[\/vc_column_text][vc_column_text css=&#8221;.vc_custom_1714751130595{margin-top: 5% !important;}&#8221; text_direction=&#8221;default&#8221;]\n<h4>What do we use cookies for?<\/h4>\n<p>Strictly necessary cookies: They allow you to browse the website and use its applications, as well as access secure areas of the website. Without these cookies, the services you have requested cannot be provided.<\/p>\n<p>Analytical Cookies: These are used anonymously to create and analyze statistics in order to improve the functioning of the website;<\/p>\n<p>Functionality Cookies: These store the user&#8217;s preferences regarding the use of the site, so that it is not necessary to configure the site again each time you visit it.<\/p>\n<p>Third-party cookies: Measure the success of applications and the effectiveness of third-party advertising. They can also be used to personalize a widget with user data.<\/p>\n<p>Advertising Cookies: They target advertising according to the interests of each user, in order to direct advertising campaigns taking into account the tastes of users, and also limit the number of times you see the ad, helping to measure the effectiveness of advertising and the success of the website organization.[\/vc_column_text][vc_column_text css=&#8221;.vc_custom_1714751173875{margin-top: 5% !important;}&#8221; text_direction=&#8221;default&#8221;]\n<h4>How can you manage cookies?<\/h4>\n<p>All browsers allow the user to accept, refuse or delete cookies, namely by selecting the appropriate settings in their browser. You can configure cookies in the &#8220;options&#8221; or &#8220;preferences&#8221; menu of your browser.<br \/>\nPlease note, however, that disabling cookies may prevent some web services from working properly, affecting, partially or totally, navigation on the website.<br \/>\nFor more information on cookies and how to prevent them from being installed or how to delete existing cookies from your hard drive, you can visit the following website: http:\/\/www.allaboutcookies.org.<br \/>\nYou can find information about cookie control depending on your internet browser at the following addresses:<\/p>\n<p>Internet Explorer http:\/\/support.microsoft.com\/kb\/278835<\/p>\n<p>Chrome https:\/\/www.google.com\/chrome\/intl\/en-GB\/more\/privacy.html<\/p>\n<p>Firefoxhttp:\/\/support.mozilla.org\/en-US\/kb\/Clear%20Recent%20History<\/p>\n<p>Safari http:\/\/support.apple.com\/kb\/PH5042<\/p>\n<p>Opera http:\/\/www.opera.com\/browser\/tutorials\/security\/privacy\/[\/vc_column_text][\/vc_column][vc_column column_padding=&#8221;no-extra-padding&#8221; column_padding_tablet=&#8221;inherit&#8221; column_padding_phone=&#8221;inherit&#8221; column_padding_position=&#8221;all&#8221; column_element_direction_desktop=&#8221;default&#8221; column_element_spacing=&#8221;default&#8221; desktop_text_alignment=&#8221;default&#8221; tablet_text_alignment=&#8221;default&#8221; phone_text_alignment=&#8221;default&#8221; background_color_opacity=&#8221;1&#8243; background_hover_color_opacity=&#8221;1&#8243; column_backdrop_filter=&#8221;none&#8221; column_shadow=&#8221;none&#8221; column_border_radius=&#8221;none&#8221; column_link_target=&#8221;_self&#8221; column_position=&#8221;default&#8221; gradient_direction=&#8221;left_to_right&#8221; overlay_strength=&#8221;0.3&#8243; width=&#8221;1\/3&#8243; tablet_width_inherit=&#8221;default&#8221; animation_type=&#8221;default&#8221; bg_image_animation=&#8221;none&#8221; border_type=&#8221;simple&#8221; column_border_width=&#8221;none&#8221; column_border_style=&#8221;solid&#8221;][\/vc_column][\/vc_row]\n","protected":false},"excerpt":{"rendered":"<p>[vc_row type=&#8221;full_width_background&#8221; full_screen_row_position=&#8221;middle&#8221; column_margin=&#8221;default&#8221; column_direction=&#8221;default&#8221; column_direction_tablet=&#8221;default&#8221; column_direction_phone=&#8221;default&#8221; bg_color=&#8221;#fdb704&#8243; scene_position=&#8221;center&#8221; top_padding=&#8221;2%&#8221; text_color=&#8221;dark&#8221; text_align=&#8221;left&#8221; row_border_radius=&#8221;none&#8221; row_border_radius_applies=&#8221;bg&#8221; overflow=&#8221;visible&#8221; overlay_strength=&#8221;0.3&#8243; gradient_direction=&#8221;left_to_right&#8221; shape_divider_position=&#8221;bottom&#8221; bg_image_animation=&#8221;none&#8221; gradient_type=&#8221;default&#8221; shape_type=&#8221;&#8221;][vc_column column_padding=&#8221;no-extra-padding&#8221; column_padding_tablet=&#8221;inherit&#8221; column_padding_phone=&#8221;inherit&#8221; column_padding_position=&#8221;all&#8221; column_element_direction_desktop=&#8221;default&#8221; column_element_spacing=&#8221;default&#8221; desktop_text_alignment=&#8221;default&#8221; tablet_text_alignment=&#8221;default&#8221; phone_text_alignment=&#8221;default&#8221;&#8230;<\/p>\n","protected":false},"author":2,"featured_media":0,"parent":0,"menu_order":0,"comment_status":"closed","ping_status":"closed","template":"","meta":{"inline_featured_image":false,"footnotes":""},"class_list":["post-456","page","type-page","status-publish"],"yoast_head":"<!-- This site is optimized with the Yoast SEO plugin v27.3 - https:\/\/yoast.com\/product\/yoast-seo-wordpress\/ -->\n<title>Cookie Policy - Cerealis<\/title>\n<meta name=\"robots\" content=\"index, follow, max-snippet:-1, max-image-preview:large, max-video-preview:-1\" \/>\n<link rel=\"canonical\" href=\"https:\/\/www.cerealis.pt\/index.php\/cookie-policy\/?lang=en\" \/>\n<meta property=\"og:locale\" content=\"pt_PT\" \/>\n<meta property=\"og:type\" content=\"article\" \/>\n<meta property=\"og:title\" content=\"Cookie Policy - Cerealis\" \/>\n<meta property=\"og:description\" content=\"[vc_row type=&#8221;full_width_background&#8221; full_screen_row_position=&#8221;middle&#8221; column_margin=&#8221;default&#8221; column_direction=&#8221;default&#8221; column_direction_tablet=&#8221;default&#8221; column_direction_phone=&#8221;default&#8221; bg_color=&#8221;#fdb704&#8243; scene_position=&#8221;center&#8221; top_padding=&#8221;2%&#8221; text_color=&#8221;dark&#8221; text_align=&#8221;left&#8221; row_border_radius=&#8221;none&#8221; row_border_radius_applies=&#8221;bg&#8221; overflow=&#8221;visible&#8221; overlay_strength=&#8221;0.3&#8243; gradient_direction=&#8221;left_to_right&#8221; shape_divider_position=&#8221;bottom&#8221; bg_image_animation=&#8221;none&#8221; gradient_type=&#8221;default&#8221; shape_type=&#8221;&#8221;][vc_column column_padding=&#8221;no-extra-padding&#8221; column_padding_tablet=&#8221;inherit&#8221; column_padding_phone=&#8221;inherit&#8221; column_padding_position=&#8221;all&#8221; column_element_direction_desktop=&#8221;default&#8221; column_element_spacing=&#8221;default&#8221; desktop_text_alignment=&#8221;default&#8221; tablet_text_alignment=&#8221;default&#8221; phone_text_alignment=&#8221;default&#8221;...\" \/>\n<meta property=\"og:url\" content=\"https:\/\/www.cerealis.pt\/index.php\/cookie-policy\/?lang=en\" \/>\n<meta property=\"og:site_name\" content=\"Cerealis\" \/>\n<meta property=\"article:modified_time\" content=\"2024-05-06T13:51:45+00:00\" \/>\n<meta property=\"og:image\" content=\"https:\/\/www.cerealis.pt\/wp-content\/uploads\/2024\/07\/CAPA_website_Cerealis-1.png\" \/>\n\t<meta property=\"og:image:width\" content=\"1200\" \/>\n\t<meta property=\"og:image:height\" content=\"675\" \/>\n\t<meta property=\"og:image:type\" content=\"image\/png\" \/>\n<meta name=\"twitter:card\" content=\"summary_large_image\" \/>\n<meta name=\"twitter:label1\" content=\"Tempo estimado de leitura\" \/>\n\t<meta name=\"twitter:data1\" content=\"8 minutos\" \/>\n<script type=\"application\/ld+json\" class=\"yoast-schema-graph\">{\"@context\":\"https:\\\/\\\/schema.org\",\"@graph\":[{\"@type\":\"WebPage\",\"@id\":\"https:\\\/\\\/www.cerealis.pt\\\/index.php\\\/cookie-policy\\\/?lang=en\",\"url\":\"https:\\\/\\\/www.cerealis.pt\\\/index.php\\\/cookie-policy\\\/?lang=en\",\"name\":\"Cookie Policy - Cerealis\",\"isPartOf\":{\"@id\":\"https:\\\/\\\/www.cerealis.pt\\\/#website\"},\"datePublished\":\"2024-05-03T15:27:29+00:00\",\"dateModified\":\"2024-05-06T13:51:45+00:00\",\"breadcrumb\":{\"@id\":\"https:\\\/\\\/www.cerealis.pt\\\/index.php\\\/cookie-policy\\\/?lang=en#breadcrumb\"},\"inLanguage\":\"pt-PT\",\"potentialAction\":[{\"@type\":\"ReadAction\",\"target\":[\"https:\\\/\\\/www.cerealis.pt\\\/index.php\\\/cookie-policy\\\/?lang=en\"]}]},{\"@type\":\"BreadcrumbList\",\"@id\":\"https:\\\/\\\/www.cerealis.pt\\\/index.php\\\/cookie-policy\\\/?lang=en#breadcrumb\",\"itemListElement\":[{\"@type\":\"ListItem\",\"position\":1,\"name\":\"In\u00edcio\",\"item\":\"https:\\\/\\\/www.cerealis.pt\\\/\"},{\"@type\":\"ListItem\",\"position\":2,\"name\":\"Cookie Policy\"}]},{\"@type\":\"WebSite\",\"@id\":\"https:\\\/\\\/www.cerealis.pt\\\/#website\",\"url\":\"https:\\\/\\\/www.cerealis.pt\\\/\",\"name\":\"Cerealis\",\"description\":\"Cereais que Alimentam o Futuro\",\"publisher\":{\"@id\":\"https:\\\/\\\/www.cerealis.pt\\\/#organization\"},\"potentialAction\":[{\"@type\":\"SearchAction\",\"target\":{\"@type\":\"EntryPoint\",\"urlTemplate\":\"https:\\\/\\\/www.cerealis.pt\\\/?s={search_term_string}\"},\"query-input\":{\"@type\":\"PropertyValueSpecification\",\"valueRequired\":true,\"valueName\":\"search_term_string\"}}],\"inLanguage\":\"pt-PT\"},{\"@type\":\"Organization\",\"@id\":\"https:\\\/\\\/www.cerealis.pt\\\/#organization\",\"name\":\"Cerealis\",\"url\":\"https:\\\/\\\/www.cerealis.pt\\\/\",\"logo\":{\"@type\":\"ImageObject\",\"inLanguage\":\"pt-PT\",\"@id\":\"https:\\\/\\\/www.cerealis.pt\\\/#\\\/schema\\\/logo\\\/image\\\/\",\"url\":\"https:\\\/\\\/www.cerealis.pt\\\/wp-content\\\/uploads\\\/2024\\\/04\\\/Logo_Cerealis.svg\",\"contentUrl\":\"https:\\\/\\\/www.cerealis.pt\\\/wp-content\\\/uploads\\\/2024\\\/04\\\/Logo_Cerealis.svg\",\"width\":136,\"height\":60,\"caption\":\"Cerealis\"},\"image\":{\"@id\":\"https:\\\/\\\/www.cerealis.pt\\\/#\\\/schema\\\/logo\\\/image\\\/\"},\"sameAs\":[\"https:\\\/\\\/www.linkedin.com\\\/company\\\/cerealis\\\/\"]}]}<\/script>\n<!-- \/ Yoast SEO plugin. -->","yoast_head_json":{"title":"Cookie Policy - Cerealis","robots":{"index":"index","follow":"follow","max-snippet":"max-snippet:-1","max-image-preview":"max-image-preview:large","max-video-preview":"max-video-preview:-1"},"canonical":"https:\/\/www.cerealis.pt\/index.php\/cookie-policy\/?lang=en","og_locale":"pt_PT","og_type":"article","og_title":"Cookie Policy - Cerealis","og_description":"[vc_row type=&#8221;full_width_background&#8221; full_screen_row_position=&#8221;middle&#8221; column_margin=&#8221;default&#8221; column_direction=&#8221;default&#8221; column_direction_tablet=&#8221;default&#8221; column_direction_phone=&#8221;default&#8221; bg_color=&#8221;#fdb704&#8243; scene_position=&#8221;center&#8221; top_padding=&#8221;2%&#8221; text_color=&#8221;dark&#8221; text_align=&#8221;left&#8221; row_border_radius=&#8221;none&#8221; row_border_radius_applies=&#8221;bg&#8221; overflow=&#8221;visible&#8221; overlay_strength=&#8221;0.3&#8243; gradient_direction=&#8221;left_to_right&#8221; shape_divider_position=&#8221;bottom&#8221; bg_image_animation=&#8221;none&#8221; gradient_type=&#8221;default&#8221; shape_type=&#8221;&#8221;][vc_column column_padding=&#8221;no-extra-padding&#8221; column_padding_tablet=&#8221;inherit&#8221; column_padding_phone=&#8221;inherit&#8221; column_padding_position=&#8221;all&#8221; column_element_direction_desktop=&#8221;default&#8221; column_element_spacing=&#8221;default&#8221; desktop_text_alignment=&#8221;default&#8221; tablet_text_alignment=&#8221;default&#8221; phone_text_alignment=&#8221;default&#8221;...","og_url":"https:\/\/www.cerealis.pt\/index.php\/cookie-policy\/?lang=en","og_site_name":"Cerealis","article_modified_time":"2024-05-06T13:51:45+00:00","og_image":[{"width":1200,"height":675,"url":"https:\/\/www.cerealis.pt\/wp-content\/uploads\/2024\/07\/CAPA_website_Cerealis-1.png","type":"image\/png"}],"twitter_card":"summary_large_image","twitter_misc":{"Tempo estimado de leitura":"8 minutos"},"schema":{"@context":"https:\/\/schema.org","@graph":[{"@type":"WebPage","@id":"https:\/\/www.cerealis.pt\/index.php\/cookie-policy\/?lang=en","url":"https:\/\/www.cerealis.pt\/index.php\/cookie-policy\/?lang=en","name":"Cookie Policy - Cerealis","isPartOf":{"@id":"https:\/\/www.cerealis.pt\/#website"},"datePublished":"2024-05-03T15:27:29+00:00","dateModified":"2024-05-06T13:51:45+00:00","breadcrumb":{"@id":"https:\/\/www.cerealis.pt\/index.php\/cookie-policy\/?lang=en#breadcrumb"},"inLanguage":"pt-PT","potentialAction":[{"@type":"ReadAction","target":["https:\/\/www.cerealis.pt\/index.php\/cookie-policy\/?lang=en"]}]},{"@type":"BreadcrumbList","@id":"https:\/\/www.cerealis.pt\/index.php\/cookie-policy\/?lang=en#breadcrumb","itemListElement":[{"@type":"ListItem","position":1,"name":"In\u00edcio","item":"https:\/\/www.cerealis.pt\/"},{"@type":"ListItem","position":2,"name":"Cookie Policy"}]},{"@type":"WebSite","@id":"https:\/\/www.cerealis.pt\/#website","url":"https:\/\/www.cerealis.pt\/","name":"Cerealis","description":"Cereais que Alimentam o Futuro","publisher":{"@id":"https:\/\/www.cerealis.pt\/#organization"},"potentialAction":[{"@type":"SearchAction","target":{"@type":"EntryPoint","urlTemplate":"https:\/\/www.cerealis.pt\/?s={search_term_string}"},"query-input":{"@type":"PropertyValueSpecification","valueRequired":true,"valueName":"search_term_string"}}],"inLanguage":"pt-PT"},{"@type":"Organization","@id":"https:\/\/www.cerealis.pt\/#organization","name":"Cerealis","url":"https:\/\/www.cerealis.pt\/","logo":{"@type":"ImageObject","inLanguage":"pt-PT","@id":"https:\/\/www.cerealis.pt\/#\/schema\/logo\/image\/","url":"https:\/\/www.cerealis.pt\/wp-content\/uploads\/2024\/04\/Logo_Cerealis.svg","contentUrl":"https:\/\/www.cerealis.pt\/wp-content\/uploads\/2024\/04\/Logo_Cerealis.svg","width":136,"height":60,"caption":"Cerealis"},"image":{"@id":"https:\/\/www.cerealis.pt\/#\/schema\/logo\/image\/"},"sameAs":["https:\/\/www.linkedin.com\/company\/cerealis\/"]}]}},"_links":{"self":[{"href":"https:\/\/www.cerealis.pt\/index.php\/wp-json\/wp\/v2\/pages\/456","targetHints":{"allow":["GET"]}}],"collection":[{"href":"https:\/\/www.cerealis.pt\/index.php\/wp-json\/wp\/v2\/pages"}],"about":[{"href":"https:\/\/www.cerealis.pt\/index.php\/wp-json\/wp\/v2\/types\/page"}],"author":[{"embeddable":true,"href":"https:\/\/www.cerealis.pt\/index.php\/wp-json\/wp\/v2\/users\/2"}],"replies":[{"embeddable":true,"href":"https:\/\/www.cerealis.pt\/index.php\/wp-json\/wp\/v2\/comments?post=456"}],"version-history":[{"count":5,"href":"https:\/\/www.cerealis.pt\/index.php\/wp-json\/wp\/v2\/pages\/456\/revisions"}],"predecessor-version":[{"id":461,"href":"https:\/\/www.cerealis.pt\/index.php\/wp-json\/wp\/v2\/pages\/456\/revisions\/461"}],"wp:attachment":[{"href":"https:\/\/www.cerealis.pt\/index.php\/wp-json\/wp\/v2\/media?parent=456"}],"curies":[{"name":"wp","href":"https:\/\/api.w.org\/{rel}","templated":true}]}}